{"id":2291,"date":"2024-04-30T19:22:24","date_gmt":"2024-04-30T17:22:24","guid":{"rendered":"https:\/\/los8sentidos.com\/?post_type=product&#038;p=2291"},"modified":"2025-05-13T09:50:30","modified_gmt":"2025-05-13T07:50:30","slug":"cuota-diplomado","status":"publish","type":"product","link":"https:\/\/los8sentidos.com\/index.php\/producto\/cuota-diplomado\/","title":{"rendered":"Pago fraccionado del Diplomado (precio de los 150\u20ac cobrado en d\u00f3lares)"},"content":{"rendered":"<p>Pago en tres partes del <strong>Diplomado en Gesti\u00f3n y Desarrollo de Propuestas Gastron\u00f3micas.<\/strong><\/p>\n<p>Precio listado de 167 <strong>d\u00f3lares<\/strong> es el cambio del euro a dolar para mayo 2025 de 150 <strong>euros<\/strong>.<\/p>\n","protected":false},"excerpt":{"rendered":"<p>Pago en tres partes del Diplomado en Gesti\u00f3n y Desarrollo de Propuestas Gastron\u00f3micas. Precio listado de 167 d\u00f3lares es el cambio del euro a dolar para mayo 2025 de 150 [&hellip;]<\/p>\n","protected":false},"featured_media":2571,"comment_status":"open","ping_status":"closed","template":"","meta":{"_price":"167","_stock":"","_tribe_ticket_header":"","_tribe_default_ticket_provider":"","_tribe_ticket_capacity":"0","_ticket_start_date":"","_ticket_end_date":"","_tribe_ticket_show_description":"","_tribe_ticket_show_not_going":false,"_tribe_ticket_use_global_stock":"","_tribe_ticket_global_stock_level":"","_global_stock_mode":"","_global_stock_cap":"","_tribe_rsvp_for_event":"","_tribe_ticket_going_count":"","_tribe_ticket_not_going_count":"","_tribe_tickets_list":"[]","_tribe_ticket_has_attendee_info_fields":false,"_EventAllDay":false,"_EventTimezone":"","_EventStartDate":"","_EventEndDate":"","_EventStartDateUTC":"","_EventEndDateUTC":"","_EventShowMap":false,"_EventShowMapLink":false,"_EventURL":"","_EventCost":"","_EventCostDescription":"","_EventCurrencySymbol":"","_EventCurrencyCode":"","_EventCurrencyPosition":"","_EventDateTimeSeparator":"","_EventTimeRangeSeparator":"","_EventOrganizerID":[],"_EventVenueID":[],"_OrganizerEmail":"","_OrganizerPhone":"","_OrganizerWebsite":"","_VenueAddress":"","_VenueCity":"","_VenueCountry":"","_VenueProvince":"","_VenueState":"","_VenueZip":"","_VenuePhone":"","_VenueURL":"","_VenueStateProvince":"","_VenueLat":"","_VenueLng":"","_VenueShowMap":false,"_VenueShowMapLink":false},"product_brand":[],"product_cat":[39,33],"product_tag":[],"class_list":{"0":"post-2291","1":"product","2":"type-product","3":"status-publish","4":"has-post-thumbnail","6":"product_cat-programas","7":"product_cat-sin-categorizar","9":"first","10":"instock","11":"taxable","12":"shipping-taxable","13":"purchasable","14":"product-type-simple"},"jetpack-related-posts":[],"jetpack_sharing_enabled":true,"_links":{"self":[{"href":"https:\/\/los8sentidos.com\/index.php\/wp-json\/wp\/v2\/product\/2291","targetHints":{"allow":["GET"]}}],"collection":[{"href":"https:\/\/los8sentidos.com\/index.php\/wp-json\/wp\/v2\/product"}],"about":[{"href":"https:\/\/los8sentidos.com\/index.php\/wp-json\/wp\/v2\/types\/product"}],"replies":[{"embeddable":true,"href":"https:\/\/los8sentidos.com\/index.php\/wp-json\/wp\/v2\/comments?post=2291"}],"wp:featuredmedia":[{"embeddable":true,"href":"https:\/\/los8sentidos.com\/index.php\/wp-json\/wp\/v2\/media\/2571"}],"wp:attachment":[{"href":"https:\/\/los8sentidos.com\/index.php\/wp-json\/wp\/v2\/media?parent=2291"}],"wp:term":[{"taxonomy":"product_brand","embeddable":true,"href":"https:\/\/los8sentidos.com\/index.php\/wp-json\/wp\/v2\/product_brand?post=2291"},{"taxonomy":"product_cat","embeddable":true,"href":"https:\/\/los8sentidos.com\/index.php\/wp-json\/wp\/v2\/product_cat?post=2291"},{"taxonomy":"product_tag","embeddable":true,"href":"https:\/\/los8sentidos.com\/index.php\/wp-json\/wp\/v2\/product_tag?post=2291"}],"curies":[{"name":"wp","href":"https:\/\/api.w.org\/{rel}","templated":true}]}}