{"id":838,"date":"2023-12-10T23:50:20","date_gmt":"2023-12-10T22:50:20","guid":{"rendered":"https:\/\/los8sentidos.com\/?page_id=838"},"modified":"2024-08-13T11:43:18","modified_gmt":"2024-08-13T09:43:18","slug":"tienes-dudas","status":"publish","type":"page","link":"https:\/\/los8sentidos.com\/index.php\/tienes-dudas\/","title":{"rendered":"El Plan de Formaci\u00f3n"},"content":{"rendered":"\n<p class=\"has-text-align-left\"><a href=\"https:\/\/www.skool.com\/los8sentidos\/about\"><strong>(Acceso)<\/strong><\/a><\/p>\n\n\n\n<h4 class=\"wp-block-heading\" style=\"padding-top:0;padding-bottom:0\">Aqu\u00ed las aclaramos&#8230;<\/h4>\n\n\n\n<h2 class=\"wp-block-heading\">Preguntas Frecuentes<\/h2>\n\n\n\n<ul style=\"margin-top:var(--wp--preset--spacing--40)\" class=\"wp-block-list pl__7\">\n<li><a href=\"#SonL8SParaMi\" data-type=\"internal\" data-id=\"#SonL8SParaMi\"><strong>\u00bfSon Los8Sentidos para m\u00ed?<\/strong><\/a><\/li>\n\n\n\n<li><a href=\"#SonL8SUnCursoOnline\" data-type=\"internal\" data-id=\"#SonL8SUnCursoOnline\"><strong>\u00bfSon Los8Sentidos un curso online?<\/strong><\/a><\/li>\n\n\n\n<li><a href=\"#ParaPertenecerL8S\" data-type=\"internal\" data-id=\"#ParaPertenecerL8S\"><strong>\u00bfPara pertenecer a la comunidad de Los8Sentidos son necesarios pagos mensuales?<\/strong><\/a><\/li>\n\n\n\n<li><a href=\"#UnaVezInscrito\" data-type=\"internal\" data-id=\"#UnaVezInscrito\"><strong>\u00bfUna vez que me inscriba por cu\u00e1nto tiempo tendr\u00e9 acceso a la comunidad?<\/strong><\/a><\/li>\n\n\n\n<li><a href=\"#SiEnElFuturo\" data-type=\"internal\" data-id=\"#SiEnElFuturo\"><strong>\u00bfSi en el futuro se agregan novedades o videos, tendr\u00e9 acceso tambi\u00e9n a ellos?<\/strong><\/a><\/li>\n\n\n\n<li><a href=\"#PagarPlanPremium\" data-type=\"internal\" data-id=\"#PagarPlanPremium\"><strong>El Plan de Asesor\u00eda y Acompa\u00f1amiento<\/strong><\/a><\/li>\n\n\n\n<li><a href=\"#RealizarProyecto\" data-type=\"internal\" data-id=\"#RealizarProyecto\"><strong>\u00bfEl equipo de Los8Sentidos realiza mi proyecto de emprendimiento?<\/strong><\/a><\/li>\n\n\n\n<li><a href=\"#PorCuantoTiempo\" data-type=\"internal\" data-id=\"#PorCuantoTiempo\"><strong>\u00bfPor cu\u00e1nto tiempo tengo acceso a las entrevistas personales con el Chef Sumito Est\u00e9vez?<\/strong><\/a><\/li>\n\n\n\n<li><a href=\"#DeboSeguirPrograma\" data-type=\"internal\" data-id=\"#DeboSeguirPrograma\"><strong>\u00bfDebo seguir un programa semanal obligatorio?<\/strong><\/a><\/li>\n\n\n\n<li><a href=\"#AunTienesDudas\" data-type=\"internal\" data-id=\"#AunTienesDudas\"><strong>\u00bfA\u00fan tienes dudas?<\/strong><\/a><\/li>\n<\/ul>\n\n\n\n<figure class=\"wp-block-video\"><video controls poster=\"https:\/\/los8sentidos.com\/wp-content\/uploads\/2024\/01\/8-Pasos-para-lograr-alta-remuneracion-y-estabilidad-en-gastronomia.png\" src=\"https:\/\/WPLos8Sentidos.b-cdn.net\/FWW%20(Versi%C3%B3n%204).mp4\"><\/video><\/figure>\n\n\n\n<div class=\"wp-block-buttons is-content-justification-center is-layout-flex wp-container-core-buttons-is-layout-a89b3969 wp-block-buttons-is-layout-flex\">\n<div class=\"wp-block-button is-style-fill\"><a class=\"wp-block-button__link has-text-color has-link-color wp-element-button\" href=\"https:\/\/los8sentidos.com\/index.php\/planes\/\" style=\"border-width:4px;border-radius:100px;color:#11181fcf\">Ver Planes<\/a><\/div>\n<\/div>\n\n\n\n<h3 class=\"wp-block-heading\" id=\"SonL8SParaMi\"><strong>\u00bfSon Los8Sentidos para m\u00ed?<\/strong><\/h3>\n\n\n\n<p><strong><a href=\"https:\/\/www.skool.com\/los8sentidos\/about\">Los8Sentidos<\/a><\/strong> es una comunidad, y como toda comunidad tiene espacios de intercambio, de relajamiento y tambi\u00e9n de trabajo. Para ver y trabajar con los casi 100 videos es recomendable ser profesional del \u00e1rea gastron\u00f3mica pero no es condici\u00f3n obligatoria. Si piensas que en el futuro pr\u00f3ximo te dedicar\u00e1s al \u00e1rea gastron\u00f3mica bien sea desde el \u00e1rea laboral o bien desde el emprendimiento, has llegado al lugar correcto. En caso de que est\u00e9s desarrollando un proyecto o desees crecer y ascender, nuestra recomendaci\u00f3n es que concretes una cita sin compromiso y en una video conferencia vemos tu caso.<\/p>\n\n\n\n<h3 class=\"wp-block-heading\" id=\"SonL8SUnCursoOnline\"><strong>\u00bfSon Los8Sentidos un curso online?<\/strong><\/h3>\n\n\n\n<p><strong>No,<\/strong> es una comunidad y esto es muy importante que lo sepas. Tendr\u00e1s acceso a m\u00e1s de 100 videos de formaci\u00f3n en temas que van desde el autoconocimiento hasta la relaci\u00f3n en sociedades comerciales. Desde la gerencia hasta la autogesti\u00f3n. Son videos (y ejercicios) que podr\u00e1s ver y hacer a tu ritmo, pero <strong>Los8Sentidos<\/strong> es much\u00edsimo m\u00e1s. Ser\u00e1s parte de la comunidad de quienes se inscribieron en el pasado y de quienes lo hagan en el futuro. Podr\u00e1s hacer preguntas, contestar, sugerir, chatear en privado con otros miembros, hacer la consulta que desees, asistir a charlas en vivo. <strong>Los8Sentidos<\/strong> es una atm\u00f3sfera de crecimiento continuo y colectivo.<\/p>\n\n\n\n<h3 class=\"wp-block-heading\" id=\"ParaPertenecerL8S\"><strong>\u00bfPara pertenecer a la comunidad de Los8Sentidos son necesarios pagos mensuales?<\/strong><\/h3>\n\n\n\n<p><strong>Si.<\/strong> En la secci\u00f3n de <a href=\"https:\/\/los8sentidos.com\/index.php\/planes\/\">planes<\/a> puede inscribirte con un pago de 10$ mensuales.<\/p>\n\n\n\n<h3 class=\"wp-block-heading\" id=\"UnaVezInscrito\"><strong>\u00bfUna vez que me inscriba por cu\u00e1nto tiempo tendr\u00e9 acceso a la comunidad?<\/strong><\/h3>\n\n\n\n<p>El acceso a la plataforma de <strong>Los8Sentidos<\/strong> implica un pago mensual. En cualquier momento puedes retirarte pero pierdes acceso a la plataforma de intercambio, formaci\u00f3n e informaci\u00f3n.<\/p>\n\n\n\n<h3 class=\"wp-block-heading\" id=\"SiEnElFuturo\"><strong>\u00bfSi en el futuro se agregan novedades o videos, tendr\u00e9 acceso tambi\u00e9n a ellos?<\/strong><\/h3>\n\n\n\n<p><strong>Si,<\/strong> siempre y cuando sean parte del plan en el que est\u00e1s inscrito o inscrita.<\/p>\n\n\n\n<h2 class=\"wp-block-heading pb__1\" id=\"ElPlanPremium\" style=\"margin-top:var(--wp--preset--spacing--70);margin-bottom:0;padding-top:0;padding-bottom:0;font-style:normal;font-weight:900;text-decoration:none\">EL ACOMPA\u00d1AMIENTO Y ASESOR\u00cdA<\/h2>\n\n\n\n<hr class=\"wp-block-separator has-text-color has-foreground-color has-alpha-channel-opacity has-foreground-background-color has-background is-style-default\" style=\"margin-top:var(--wp--preset--spacing--30);margin-bottom:var(--wp--preset--spacing--30)\"\/>\n\n\n\n<p>Las asesor\u00edas son para quienes desean desarrollar un proyecto y ser acompa\u00f1ados en el proceso. Ya que se trata de un acompa\u00f1amiento semanal e intenso, solo se aceptan 8 tutoriados por trimestre. Para escogerlos, el o la candidata tendr\u00e1n una entrevista de una hora con <em>Sumito Est\u00e9vez<\/em> para aclarar dudas y estudiar la viabilidad. \u00danicamente despu\u00e9s que la persona decide entrar al programa y es aceptada es que se paga una inscripci\u00f3n como garant\u00eda de inicio.<\/p>\n\n\n\n<h3 class=\"wp-block-heading\" id=\"RealizarProyecto\"><strong>\u00bfEl equipo de Los8Sentidos realiza mi proyecto de emprendimiento?<\/strong><\/h3>\n\n\n\n<p><strong>No.<\/strong> Se trata de un trabajo conjunto. Cada persona posee una carpeta compartida con <em>Sumito Est\u00e9vez<\/em> y su equipo. En cada reuni\u00f3n semanal de una hora se analiza el progreso con los videos del programa, se analizan avances en el proyecto y se deciden acciones para la semana siguiente. El avance de cada proyecto depende del grado de compromiso y de la seriedad que se le ponga.<\/p>\n\n\n\n<h3 class=\"wp-block-heading\" id=\"PorCuantoTiempo\"><strong>\u00bfPor cu\u00e1nto tiempo tengo acceso a las entrevistas personales con el Chef Sumito Est\u00e9vez?<\/strong><\/h3>\n\n\n\n<p>Por <strong>cuatro meses<\/strong> con seguridad, posteriormente estar\u00e1 sujeto a disponibilidad ya que se le da prioridad a qui\u00e9nes ingresan en el nuevo trimestre. En todo caso, aquellas personas que ingresan al <strong>Plan de asesor\u00eda y acompa\u00f1amiento<\/strong> tienen acceso para consultas de forma permanente y directa con <em>Sumito Est\u00e9vez<\/em> a trav\u00e9s de un chat interno de manera vitalicia.<\/p>\n\n\n\n<h3 class=\"wp-block-heading\" id=\"DeboSeguirPrograma\"><strong>\u00bfDebo seguir un programa semanal obligatorio?<\/strong><\/h3>\n\n\n\n<p><strong>No,<\/strong> pero una de las preguntas importantes en la entrevista inicial es justamente si la persona tiene el compromiso para dedicar el tiempo que requiere hacer un proyecto.<\/p>\n\n\n\n<h2 class=\"wp-block-heading\" id=\"AunTienesDudas\"><strong>\u00bfA\u00fan tienes dudas?<\/strong><\/h2>\n\n\n\n<p><strong>\u00a1No dejes de contactarnos a trav\u00e9s del correo:<\/strong> <a href=\"mailto:losochosentidos@gmail.com\"><strong>losochosentidos@gmail.com<\/strong><\/a><strong>!<\/strong><\/p>\n\n\n\n<figure class=\"wp-block-video\"><video controls poster=\"https:\/\/los8sentidos.com\/wp-content\/uploads\/2024\/01\/Que-son-L8S.png\" src=\"https:\/\/WPLos8Sentidos.b-cdn.net\/QueSonLos8Sentidos.mp4\"><\/video><\/figure>\n\n\n<style>\n.floatWapp {\n    position: fixed;\n    width: 60px;\n    height: 60px;\n    bottom: 20px;\n    right: 20px;\n    background-color: #25d366;\n    border-radius: 50px;\n    text-align: center;\n    font-size: 0; \/* Oculta el texto dentro del bot\u00f3n *\/\n    box-shadow: rgba(0, 0, 0, 0.4) 0px 3px 8px;\n    z-index: 100;\n  }\n\n.floatmail {\n    position: fixed;\n    width: 60px;\n    height: 60px;\n    bottom: 100px;\n    right: 20px;\n    background-color: #25d366;\n    border-radius: 50px;\n    text-align: center;\n    font-size: 0; \/* Oculta el texto dentro del bot\u00f3n *\/\n    box-shadow: rgba(0, 0, 0, 0.4) 0px 3px 8px;\n    z-index: 100;\n  }\n\n  .my-floatWapp img {\n    width: 100%;\n    height: auto;\n    border-radius: 50%;\n  }\n.my-floatmail img{\n   width: 100%;\n    height: auto;\n    border-radius: 50%;\n}\n<\/style>\n\n\n<a href=\"https:\/\/api.whatsapp.com\/send?phone=+393342263477&#038;text=Gracias%20por%20contactar%20a%20Los8Sentidos,%20com%C3%A9ntanos%20tu%20duda%20y%20con%20gusto%20te%20responderemos.\" class=\"floatWapp\" target=\"_blank\" rel=\"noopener\">\n  <div class=\"my-floatWapp\">\n    <img data-recalc-dims=\"1\" decoding=\"async\" src=\"https:\/\/i0.wp.com\/los8sentidos.com\/wp-content\/uploads\/2024\/01\/iconfinder-whatsapp-4661617_122497.png?ssl=1\" alt=\"WhatsApp Icon\">\n  <\/div>\n<\/a>\n\n<a href=\"mailto:losochosentidos@gmail.com\" class=\"floatmail\" target=\"_blank\" rel=\"noopener\">\n  <div class=\"my-floatmail up\">\n    <img data-recalc-dims=\"1\" decoding=\"async\" src=\"https:\/\/i0.wp.com\/los8sentidos.com\/wp-content\/uploads\/2024\/01\/email-round-solid-icon-1.png?ssl=1\" alt=\"WhatsApp Icon\">\n  <\/div>\n<\/a>","protected":false},"excerpt":{"rendered":"<p>(Acceso) Aqu\u00ed las aclaramos&#8230; Preguntas Frecuentes \u00bfSon Los8Sentidos para m\u00ed? Los8Sentidos es una comunidad, y como toda comunidad tiene espacios de intercambio, de relajamiento y tambi\u00e9n de trabajo. Para ver [&hellip;]<\/p>\n","protected":false},"author":1,"featured_media":0,"parent":0,"menu_order":0,"comment_status":"closed","ping_status":"closed","template":"","meta":{"_price":"","_stock":"","_tribe_ticket_header":"","_tribe_default_ticket_provider":"","_tribe_ticket_capacity":"0","_ticket_start_date":"","_ticket_end_date":"","_tribe_ticket_show_description":"","_tribe_ticket_show_not_going":false,"_tribe_ticket_use_global_stock":"","_tribe_ticket_global_stock_level":"","_global_stock_mode":"","_global_stock_cap":"","_tribe_rsvp_for_event":"","_tribe_ticket_going_count":"","_tribe_ticket_not_going_count":"","_tribe_tickets_list":"[]","_tribe_ticket_has_attendee_info_fields":false,"_EventAllDay":false,"_EventTimezone":"","_EventStartDate":"","_EventEndDate":"","_EventStartDateUTC":"","_EventEndDateUTC":"","_EventShowMap":false,"_EventShowMapLink":false,"_EventURL":"","_EventCost":"","_EventCostDescription":"","_EventCurrencySymbol":"","_EventCurrencyCode":"","_EventCurrencyPosition":"","_EventDateTimeSeparator":"","_EventTimeRangeSeparator":"","_EventOrganizerID":[],"_EventVenueID":[],"_OrganizerEmail":"","_OrganizerPhone":"","_OrganizerWebsite":"","_VenueAddress":"","_VenueCity":"","_VenueCountry":"","_VenueProvince":"","_VenueState":"","_VenueZip":"","_VenuePhone":"","_VenueURL":"","_VenueStateProvince":"","_VenueLat":"","_VenueLng":"","_VenueShowMap":false,"_VenueShowMapLink":false,"footnotes":"","_tec_slr_enabled":"","_tec_slr_layout":""},"class_list":["post-838","page","type-page","status-publish","hentry"],"jetpack-related-posts":[],"jetpack_sharing_enabled":true,"ticketed":false,"_links":{"self":[{"href":"https:\/\/los8sentidos.com\/index.php\/wp-json\/wp\/v2\/pages\/838","targetHints":{"allow":["GET"]}}],"collection":[{"href":"https:\/\/los8sentidos.com\/index.php\/wp-json\/wp\/v2\/pages"}],"about":[{"href":"https:\/\/los8sentidos.com\/index.php\/wp-json\/wp\/v2\/types\/page"}],"author":[{"embeddable":true,"href":"https:\/\/los8sentidos.com\/index.php\/wp-json\/wp\/v2\/users\/1"}],"replies":[{"embeddable":true,"href":"https:\/\/los8sentidos.com\/index.php\/wp-json\/wp\/v2\/comments?post=838"}],"version-history":[{"count":61,"href":"https:\/\/los8sentidos.com\/index.php\/wp-json\/wp\/v2\/pages\/838\/revisions"}],"predecessor-version":[{"id":2423,"href":"https:\/\/los8sentidos.com\/index.php\/wp-json\/wp\/v2\/pages\/838\/revisions\/2423"}],"wp:attachment":[{"href":"https:\/\/los8sentidos.com\/index.php\/wp-json\/wp\/v2\/media?parent=838"}],"curies":[{"name":"wp","href":"https:\/\/api.w.org\/{rel}","templated":true}]}}