{"id":763,"date":"2023-12-10T22:12:26","date_gmt":"2023-12-10T21:12:26","guid":{"rendered":"https:\/\/los8sentidos.com\/?page_id=763"},"modified":"2024-08-12T14:41:03","modified_gmt":"2024-08-12T12:41:03","slug":"planes","status":"publish","type":"page","link":"https:\/\/los8sentidos.com\/index.php\/planes\/","title":{"rendered":"Planes"},"content":{"rendered":"\n<div class=\"wp-block-columns alignwide is-layout-flex wp-container-core-columns-is-layout-d2da2050 wp-block-columns-is-layout-flex\" style=\"border-radius:10px;margin-bottom:0\">\n<div class=\"wp-block-column has-text-color has-background has-link-color wp-elements-36e4f0aa91dd135a6fc54497d0a1c7a1 is-layout-flow wp-block-column-is-layout-flow\" style=\"color:#11181fc7;background-color:#007a7a4a;padding-top:2em;padding-right:2em;padding-bottom:2em;padding-left:2em\">\n<h2 class=\"wp-block-heading has-text-color has-link-color wp-elements-5574088ea6b4365859579b0bfb7e24d1\" id=\"single\" style=\"color:#11181fc7;font-size:clamp(24.034px, 1.502rem + ((1vw - 3.2px) * 1.814), 40px);\"><strong>Eventos, catering, Chef Privado<\/strong><\/h2>\n\n\n\n<p class=\"has-normal-font-size\" style=\"margin-top:var(--wp--preset--spacing--40);margin-bottom:0;line-height:1.5\"><strong>Contacto<\/strong>: <a href=\"mailto:losochosentidos@gmail.com\">losochosentidos@gmail.com<\/a><\/p>\n\n\n\n<p><strong>Whatsapp<\/strong>: +39334 2263477<\/p>\n\n\n\n<hr class=\"wp-block-separator has-text-color has-css-opacity has-background is-style-wide\" style=\"margin-top:var(--wp--preset--spacing--40);margin-bottom:var(--wp--preset--spacing--40);background-color:#000000;color:#000000\"\/>\n\n\n\n<ul class=\"wp-block-list has-normal-font-size\">\n<li>Italia y toda Europa.<\/li>\n\n\n\n<li>Si deseas planificar un catering, un evento o contratarme como Chef Privado no dudes en contactarme por correo o por whatsapp, nos reunimos por video conferencia y planificamos juntos el evento.<\/li>\n\n\n\n<li>Bodas<\/li>\n<\/ul>\n\n\n\n<div class=\"wp-block-buttons is-content-justification-center is-layout-flex wp-container-core-buttons-is-layout-a89b3969 wp-block-buttons-is-layout-flex\">\n<div class=\"wp-block-button\"><a class=\"wp-block-button__link wp-element-button\" href=\"mailto:losochosentidos@gmail.com\">CONT\u00c1CTAME<\/a><\/div>\n<\/div>\n<\/div>\n\n\n\n<div class=\"wp-block-column has-text-color has-background has-link-color wp-elements-2d128e85eceefbd8cea69689b5b041e4 is-layout-flow wp-block-column-is-layout-flow\" style=\"color:#11181fc7;background-color:#ffd93066;padding-top:2em;padding-right:2em;padding-bottom:2em;padding-left:2em\">\n<h2 class=\"wp-block-heading has-text-color has-link-color wp-elements-9c1b444dadb636be4c148f7724c155a0\" id=\"family\" style=\"color:#11181fc7;font-size:clamp(24.034px, 1.502rem + ((1vw - 3.2px) * 1.814), 40px);\"><strong>Asesor\u00eda<\/strong><\/h2>\n\n\n\n<p class=\"has-normal-font-size\" style=\"margin-top:var(--wp--preset--spacing--40);margin-bottom:0;line-height:1.5\">Realiza <strong>tu proyecto<\/strong> junto a<strong> Sumito Est\u00e9vez.<\/strong><\/p>\n\n\n\n<p class=\"has-large-font-size pt__1 pb__1\" style=\"margin-top:var(--wp--preset--spacing--40);margin-bottom:0;padding-top:0;padding-right:0;padding-bottom:0;padding-left:0\"><strong>\u20ac 1500<\/strong><\/p>\n\n\n\n<p class=\"has-x-small-font-size pt__1 pb__1\" style=\"margin-top:0;margin-right:0;margin-bottom:0;margin-left:0;padding-top:0px;padding-bottom:0px\">* Tambi\u00e9n puedes pagarlo en 4 cuotas de \u20ac400.<\/p>\n\n\n\n<hr class=\"wp-block-separator has-css-opacity is-style-wide\" style=\"margin-top:var(--wp--preset--spacing--40);margin-bottom:var(--wp--preset--spacing--40)\"\/>\n\n\n\n<ul class=\"wp-block-list has-normal-font-size\">\n<li>Cont\u00e1ctame para que acordemos una cita de una hora por video <strong>sin compromiso<\/strong> para revisar tus necesidades y plantearte un plan de acci\u00f3n.<\/li>\n\n\n\n<li>Podr\u00e1s tener una&nbsp;<strong>cita semanal&nbsp;<\/strong>personalizada con el&nbsp;<strong>Chef<\/strong>&nbsp;<strong>Sumito Est\u00e9vez&nbsp;<\/strong>para&nbsp;<strong>construir y revisar tu proyecto.<\/strong><\/li>\n\n\n\n<li>Tendr\u00e1s acceso exclusivo a todos los&nbsp;<strong>videos del curso de Los8Sentidos (+100 videos).<\/strong><\/li>\n\n\n\n<li>Acceso<strong> gratuito por un a\u00f1o <\/strong>a la <a href=\"https:\/\/www.skool.com\/los8sentidos\/about\">plataforma de formaci\u00f3n.<\/a><\/li>\n\n\n\n<li>Contacto para consulta en cualquier momento<\/li>\n<\/ul>\n\n\n\n<div class=\"wp-block-buttons is-content-justification-center is-layout-flex wp-container-core-buttons-is-layout-a89b3969 wp-block-buttons-is-layout-flex\">\n<div class=\"wp-block-button has-custom-width wp-block-button__width-100\"><a class=\"wp-block-button__link has-text-color has-background has-link-color wp-element-button\" href=\"mailto:losochosentidos@gmail.com\" style=\"color:#11181fcf;background-color:#ffffffa6\">CONT\u00c1CTAME<\/a><\/div>\n<\/div>\n<\/div>\n\n\n\n<div class=\"wp-block-column has-text-color has-background has-link-color wp-elements-0e52c5d3bafd182a28a845ff2802fcc8 is-layout-flow wp-block-column-is-layout-flow\" style=\"color:#11181fc7;background-color:#de68003d;padding-top:2em;padding-right:2em;padding-bottom:2em;padding-left:2em\">\n<h2 class=\"wp-block-heading has-text-color has-link-color wp-elements-3719b7c0ce95bbc1e47b2c273190d101\" id=\"patron\" style=\"color:#11181fc7;font-size:clamp(24.034px, 1.502rem + ((1vw - 3.2px) * 1.814), 40px);\"><strong>Plataforma de Formaci\u00f3n<\/strong><\/h2>\n\n\n\n<p class=\"has-normal-font-size\" style=\"margin-top:var(--wp--preset--spacing--40)\">F\u00f3rmate con el <strong>curso completo<\/strong> de <strong>Los8Sentidos.<\/strong><\/p>\n\n\n\n<p class=\"has-large-font-size\" style=\"margin-top:var(--wp--preset--spacing--40)\"><strong>$ 10 mensuales<\/strong><\/p>\n\n\n\n<p class=\"has-x-small-font-size pt__1 pb__1\" style=\"margin-top:0;margin-right:0;margin-bottom:0;margin-left:0;padding-top:0px;padding-bottom:0px\">* Suscripci\u00f3n y acceso vitalicio a nuevos videos que se agreguen.<\/p>\n\n\n\n<hr class=\"wp-block-separator has-css-opacity is-style-wide\" style=\"margin-top:var(--wp--preset--spacing--40);margin-bottom:var(--wp--preset--spacing--40)\"\/>\n\n\n\n<ul class=\"wp-block-list has-normal-font-size\">\n<li>Tendr\u00e1s acceso exclusivo a todos los <strong><a href=\"https:\/\/www.skool.com\/los8sentidos\/about\"><mark style=\"background-color:rgba(0, 0, 0, 0)\" class=\"has-inline-color has-foreground-color\">videos del curso de Los8Sentidos<\/mark><\/a> (+100 videos).<\/strong><\/li>\n\n\n\n<li>Contenido exclusivo que no aparece en ninguna otra red asociada al chef Sumito Est\u00e9vez.<\/li>\n\n\n\n<li>Clase grabada semanal de una hora para consulta en cualquier momento: explicaci\u00f3n detallada de la serie de 9 videos de un minuto en el Instagram del chef dedicados a temas de tendencia en gastronom\u00eda.<\/li>\n\n\n\n<li>Acceso a los 100 videos de formaci\u00f3n en la secci\u00f3n de Classroom.<\/li>\n\n\n\n<li>Acceso a los cursos especiales actuales y futuros como el de costo, el de cocci\u00f3n al vac\u00edo o el de dise\u00f1o de men\u00fa.<\/li>\n\n\n\n<li>Conexi\u00f3n en vivo semanal (que quedar\u00e1 grabada) para hacerle cualquier tipo de consulta al chef Sumito Est\u00e9vez en donde se responden preguntas que hayan hecho llagar por escrito.<\/li>\n\n\n\n<li>Acceso de manera privada para hacer consultas mediante mensajer\u00eda directa que ser\u00e1n respondidas.<\/li>\n\n\n\n<li>\u00c1rea para intercambio p\u00fablico de informaci\u00f3n de cada miembro que desee contribuir con escritos o consultas.<\/li>\n\n\n\n<li>Art\u00edculo semanal y un peque\u00f1o video con tips de cocina o recetas.<\/li>\n\n\n\n<li>Tendr\u00e1s acceso a un <strong>Newsletter semanal<\/strong> con \u00faltimas noticias, sugerencias gastron\u00f3micas y recetas.<\/li>\n<\/ul>\n\n\n\n<div class=\"wp-block-buttons is-content-justification-center is-layout-flex wp-container-core-buttons-is-layout-a89b3969 wp-block-buttons-is-layout-flex\">\n<div class=\"wp-block-button has-custom-width wp-block-button__width-100\"><a class=\"wp-block-button__link has-text-color has-background has-link-color wp-element-button\" href=\"https:\/\/www.skool.com\/los8sentidos\/about\" style=\"color:#11181fcf;background-color:#ffffffa6\">INSCR\u00cdBETE<\/a><\/div>\n<\/div>\n<\/div>\n<\/div>\n","protected":false},"excerpt":{"rendered":"<p>Eventos, catering, Chef Privado Contacto: losochosentidos@gmail.com Whatsapp: +39334 2263477 Asesor\u00eda Realiza tu proyecto junto a Sumito Est\u00e9vez. \u20ac 1500 * Tambi\u00e9n puedes pagarlo en 4 cuotas de \u20ac400. Plataforma de [&hellip;]<\/p>\n","protected":false},"author":1,"featured_media":0,"parent":0,"menu_order":0,"comment_status":"closed","ping_status":"closed","template":"","meta":{"_price":"","_stock":"","_tribe_ticket_header":"","_tribe_default_ticket_provider":"","_tribe_ticket_capacity":"0","_ticket_start_date":"","_ticket_end_date":"","_tribe_ticket_show_description":"","_tribe_ticket_show_not_going":false,"_tribe_ticket_use_global_stock":"","_tribe_ticket_global_stock_level":"","_global_stock_mode":"","_global_stock_cap":"","_tribe_rsvp_for_event":"","_tribe_ticket_going_count":"","_tribe_ticket_not_going_count":"","_tribe_tickets_list":"[]","_tribe_ticket_has_attendee_info_fields":false,"_EventAllDay":false,"_EventTimezone":"","_EventStartDate":"","_EventEndDate":"","_EventStartDateUTC":"","_EventEndDateUTC":"","_EventShowMap":false,"_EventShowMapLink":false,"_EventURL":"","_EventCost":"","_EventCostDescription":"","_EventCurrencySymbol":"","_EventCurrencyCode":"","_EventCurrencyPosition":"","_EventDateTimeSeparator":"","_EventTimeRangeSeparator":"","_EventOrganizerID":[],"_EventVenueID":[],"_OrganizerEmail":"","_OrganizerPhone":"","_OrganizerWebsite":"","_VenueAddress":"","_VenueCity":"","_VenueCountry":"","_VenueProvince":"","_VenueState":"","_VenueZip":"","_VenuePhone":"","_VenueURL":"","_VenueStateProvince":"","_VenueLat":"","_VenueLng":"","_VenueShowMap":false,"_VenueShowMapLink":false,"footnotes":"","_tec_slr_enabled":"","_tec_slr_layout":""},"class_list":["post-763","page","type-page","status-publish","hentry"],"jetpack-related-posts":[],"jetpack_sharing_enabled":true,"ticketed":false,"_links":{"self":[{"href":"https:\/\/los8sentidos.com\/index.php\/wp-json\/wp\/v2\/pages\/763","targetHints":{"allow":["GET"]}}],"collection":[{"href":"https:\/\/los8sentidos.com\/index.php\/wp-json\/wp\/v2\/pages"}],"about":[{"href":"https:\/\/los8sentidos.com\/index.php\/wp-json\/wp\/v2\/types\/page"}],"author":[{"embeddable":true,"href":"https:\/\/los8sentidos.com\/index.php\/wp-json\/wp\/v2\/users\/1"}],"replies":[{"embeddable":true,"href":"https:\/\/los8sentidos.com\/index.php\/wp-json\/wp\/v2\/comments?post=763"}],"version-history":[{"count":40,"href":"https:\/\/los8sentidos.com\/index.php\/wp-json\/wp\/v2\/pages\/763\/revisions"}],"predecessor-version":[{"id":2387,"href":"https:\/\/los8sentidos.com\/index.php\/wp-json\/wp\/v2\/pages\/763\/revisions\/2387"}],"wp:attachment":[{"href":"https:\/\/los8sentidos.com\/index.php\/wp-json\/wp\/v2\/media?parent=763"}],"curies":[{"name":"wp","href":"https:\/\/api.w.org\/{rel}","templated":true}]}}