{"id":2278,"date":"2024-05-07T19:37:09","date_gmt":"2024-05-07T17:37:09","guid":{"rendered":"https:\/\/los8sentidos.com\/?page_id=2278"},"modified":"2024-08-15T14:28:23","modified_gmt":"2024-08-15T12:28:23","slug":"talleres","status":"publish","type":"page","link":"https:\/\/los8sentidos.com\/index.php\/talleres\/","title":{"rendered":"Talleres"},"content":{"rendered":"\n<p><strong>LOS TALLERES SON DE CARACTER GRATUITO PARA AQUELLAS PERSONAS INSCRITAS EN LA <a href=\"https:\/\/www.skool.com\/los8sentidos\/about\">PLATAFORMA DE FORMACI\u00d3N<\/a>, PERO SI DESEAS VER EL TALLER SIN ESTAR INSCRITO, <a href=\"https:\/\/los8sentidos.com\/index.php\/producto\/charla-magistral\/\">PUEDES PAGAR EN LA TIENDA LA CHARLA MAGISTRAL (25 \u20ac)<\/a> Y ENVIARNOS UN CORREO A <a href=\"mailto:LOSOCHOSENTIDOS@GMAIL.COM\">LOSOCHOSENTIDOS@GMAIL.COM<\/a> PARA DARTE EL C\u00d3DIGO DE ACCESO. SI NO PUEDES ENTRAR A LA EMISI\u00d3N EN VIVOS SE TE ENVIAR\u00c1 LA GRABACI\u00d3N.<\/strong><\/p>\n\n\n\n<p><\/p>\n\n\n\n<figure class=\"wp-block-embed is-type-video is-provider-youtube wp-block-embed-youtube wp-embed-aspect-16-9 wp-has-aspect-ratio\"><div class=\"wp-block-embed__wrapper\">\n<iframe title=\"MATRIZ PARA DISE\u00d1O ESTRAT\u00c9GICO DE MEN\u00da\" width=\"500\" height=\"281\" src=\"https:\/\/www.youtube.com\/embed\/w87mMSUnAdc?feature=oembed\" frameborder=\"0\" allow=\"accelerometer; autoplay; clipboard-write; encrypted-media; gyroscope; picture-in-picture; web-share\" referrerpolicy=\"strict-origin-when-cross-origin\" allowfullscreen><\/iframe>\n<\/div><\/figure>\n\n\n\n<p><strong>MATRIZ ESTRAT\u00c9GICA PARA AN\u00c1LISIS DE MEN\u00daS (S\u00c1BADO 14 DE SEPTIEMBRE DE 2024 A LAS 8PM HORA DE ROMA)<\/strong><\/p>\n\n\n\n<figure class=\"wp-block-embed is-type-video is-provider-youtube wp-block-embed-youtube wp-embed-aspect-16-9 wp-has-aspect-ratio\"><div class=\"wp-block-embed__wrapper\">\n<iframe title=\"10 puntos fundamentales a la hora de mercadear un concepto\" width=\"500\" height=\"281\" src=\"https:\/\/www.youtube.com\/embed\/JUBWbu0O3Xw?feature=oembed\" frameborder=\"0\" allow=\"accelerometer; autoplay; clipboard-write; encrypted-media; gyroscope; picture-in-picture; web-share\" referrerpolicy=\"strict-origin-when-cross-origin\" allowfullscreen><\/iframe>\n<\/div><figcaption class=\"wp-element-caption\"><strong>10 CLAVES PARA EL MERCADEO GASTRON\u00d3MICO (S\u00c1BADO 21 DE SEPTIEMBRE DE 2024 A LAS 8PM HORA DE ROMA)<\/strong><\/figcaption><\/figure>\n\n\n\n<figure class=\"wp-block-embed is-type-video is-provider-youtube wp-block-embed-youtube wp-embed-aspect-16-9 wp-has-aspect-ratio\"><div class=\"wp-block-embed__wrapper\">\n<iframe title=\"Reglas intuitivas para comer mejor\" width=\"500\" height=\"281\" src=\"https:\/\/www.youtube.com\/embed\/gzKNKA29ReQ?feature=oembed\" frameborder=\"0\" allow=\"accelerometer; autoplay; clipboard-write; encrypted-media; gyroscope; picture-in-picture; web-share\" referrerpolicy=\"strict-origin-when-cross-origin\" allowfullscreen><\/iframe>\n<\/div><figcaption class=\"wp-element-caption\"><strong>COMER BIEN PARA VIVIR MEJOR (S\u00c1BADO 28 DE SEPTIEMBRE DE 2024 A LAS 8PM HORA DE ROMA)<\/strong><\/figcaption><\/figure>\n\n\n\n<figure class=\"wp-block-embed is-type-video is-provider-youtube wp-block-embed-youtube wp-embed-aspect-16-9 wp-has-aspect-ratio\"><div class=\"wp-block-embed__wrapper\">\n<iframe title=\"Catering, Delivery y comida para llevar\" width=\"500\" height=\"281\" src=\"https:\/\/www.youtube.com\/embed\/k5ivrkCPx_4?feature=oembed\" frameborder=\"0\" allow=\"accelerometer; autoplay; clipboard-write; encrypted-media; gyroscope; picture-in-picture; web-share\" referrerpolicy=\"strict-origin-when-cross-origin\" allowfullscreen><\/iframe>\n<\/div><figcaption class=\"wp-element-caption\"><strong>EL NEGOCIO DE DELIVERY Y DE CATERING (S\u00c1BADO 05 DE OCTUBRE DE 2024 A LAS 8PM HORA DE ROMA)<\/strong><\/figcaption><\/figure>\n\n\n\n<p><\/p>\n","protected":false},"excerpt":{"rendered":"<p>LOS TALLERES SON DE CARACTER GRATUITO PARA AQUELLAS PERSONAS INSCRITAS EN LA PLATAFORMA DE FORMACI\u00d3N, PERO SI DESEAS VER EL TALLER SIN ESTAR INSCRITO, PUEDES PAGAR EN LA TIENDA LA [&hellip;]<\/p>\n","protected":false},"author":1,"featured_media":0,"parent":0,"menu_order":0,"comment_status":"closed","ping_status":"closed","template":"","meta":{"_price":"","_stock":"","_tribe_ticket_header":"","_tribe_default_ticket_provider":"","_tribe_ticket_capacity":"0","_ticket_start_date":"","_ticket_end_date":"","_tribe_ticket_show_description":"","_tribe_ticket_show_not_going":false,"_tribe_ticket_use_global_stock":"","_tribe_ticket_global_stock_level":"","_global_stock_mode":"","_global_stock_cap":"","_tribe_rsvp_for_event":"","_tribe_ticket_going_count":"","_tribe_ticket_not_going_count":"","_tribe_tickets_list":"[]","_tribe_ticket_has_attendee_info_fields":false,"_EventAllDay":false,"_EventTimezone":"","_EventStartDate":"","_EventEndDate":"","_EventStartDateUTC":"","_EventEndDateUTC":"","_EventShowMap":false,"_EventShowMapLink":false,"_EventURL":"","_EventCost":"","_EventCostDescription":"","_EventCurrencySymbol":"","_EventCurrencyCode":"","_EventCurrencyPosition":"","_EventDateTimeSeparator":"","_EventTimeRangeSeparator":"","_EventOrganizerID":[],"_EventVenueID":[],"_OrganizerEmail":"","_OrganizerPhone":"","_OrganizerWebsite":"","_VenueAddress":"","_VenueCity":"","_VenueCountry":"","_VenueProvince":"","_VenueState":"","_VenueZip":"","_VenuePhone":"","_VenueURL":"","_VenueStateProvince":"","_VenueLat":"","_VenueLng":"","_VenueShowMap":false,"_VenueShowMapLink":false,"footnotes":"","_tec_slr_enabled":"","_tec_slr_layout":""},"class_list":["post-2278","page","type-page","status-publish","hentry"],"jetpack-related-posts":[],"jetpack_sharing_enabled":true,"ticketed":false,"_links":{"self":[{"href":"https:\/\/los8sentidos.com\/index.php\/wp-json\/wp\/v2\/pages\/2278","targetHints":{"allow":["GET"]}}],"collection":[{"href":"https:\/\/los8sentidos.com\/index.php\/wp-json\/wp\/v2\/pages"}],"about":[{"href":"https:\/\/los8sentidos.com\/index.php\/wp-json\/wp\/v2\/types\/page"}],"author":[{"embeddable":true,"href":"https:\/\/los8sentidos.com\/index.php\/wp-json\/wp\/v2\/users\/1"}],"replies":[{"embeddable":true,"href":"https:\/\/los8sentidos.com\/index.php\/wp-json\/wp\/v2\/comments?post=2278"}],"version-history":[{"count":13,"href":"https:\/\/los8sentidos.com\/index.php\/wp-json\/wp\/v2\/pages\/2278\/revisions"}],"predecessor-version":[{"id":2431,"href":"https:\/\/los8sentidos.com\/index.php\/wp-json\/wp\/v2\/pages\/2278\/revisions\/2431"}],"wp:attachment":[{"href":"https:\/\/los8sentidos.com\/index.php\/wp-json\/wp\/v2\/media?parent=2278"}],"curies":[{"name":"wp","href":"https:\/\/api.w.org\/{rel}","templated":true}]}}