{"id":1880,"date":"2024-01-28T05:45:13","date_gmt":"2024-01-28T04:45:13","guid":{"rendered":"https:\/\/los8sentidos.com\/?page_id=1880"},"modified":"2024-01-28T19:54:13","modified_gmt":"2024-01-28T18:54:13","slug":"inscripcion-en-la-comunidad-web","status":"publish","type":"page","link":"https:\/\/los8sentidos.com\/index.php\/inscripcion-en-la-comunidad-web\/","title":{"rendered":"Inscripci\u00f3n En La Comunidad Web"},"content":{"rendered":"\n<p>Antes de comprar tu <strong>Plan Standard<em>,<\/em><\/strong>&nbsp;te recomendamos encarecidamente que te suscribas a nuestro&nbsp;<strong>Newsletter de Los8Sentidos.<\/strong><\/p>\n\n\n\n<p>Al suscribirte, recibir\u00e1s todas las&nbsp;<strong>noticias y novedades<\/strong>&nbsp;relacionadas con el programa, as\u00ed como&nbsp;<strong>informaci\u00f3n crucial<\/strong>&nbsp;que te ayudar\u00e1 a estar al tanto de todo lo que necesitas saber.<\/p>\n\n\n\n<p>Este bolet\u00edn informativo es tu fuente exclusiva para estar al d\u00eda con las\u00a0<strong>\u00faltimas actualizaciones<\/strong>\u00a0y asegurarte de no perderte nada importante.\u00a0<strong>Suscr\u00edbete en el siguiente formulario\u00a0<\/strong>y prep\u00e1rate para una experiencia completa con\u00a0<strong>Los8Sentidos.<\/strong><\/p>\n\n\n\n<p class=\"has-medium-font-size\"><strong>Despu\u00e9s de suscribirte, ser\u00e1s redirigido a la tienda donde puedes comprar el Plan St\u00e1ndard.<\/strong><\/p>\n\n\n\n<hr class=\"wp-block-separator has-alpha-channel-opacity\"\/>\n\n\n<div id=\"mc_embed_shell\">\n      <link href=\"\/\/cdn-images.mailchimp.com\/embedcode\/classic-061523.css\" rel=\"stylesheet\" type=\"text\/css\">\n  <style type=\"text\/css\">\n        #mc_embed_signup{background:#fff; false;clear:left; font:14px Helvetica,Arial,sans-serif; width: px;}\n        \/* Add your own Mailchimp form style overrides in your site stylesheet or in this style block.\n           We recommend moving this block and the preceding CSS link to the HEAD of your HTML file. *\/\n<\/style>\n<div id=\"mc_embed_signup\">\n    <form action=\"https:\/\/clickfunnels.us21.list-manage.com\/subscribe\/post?u=bccf1d6cf36f248272b7c374d&amp;id=03ea88adb9&amp;f_id=00fcece6f0\" method=\"post\" id=\"mc-embedded-subscribe-form\" name=\"mc-embedded-subscribe-form\" class=\"validate\" target=\"_self\" novalidate=\"\">\n        <div id=\"mc_embed_signup_scroll\"><h2>Suscribirse al Newsletter de Los8Sentidos<\/h2>\n            <div class=\"indicates-required\"><span class=\"asterisk\">*<\/span> indicates required<\/div>\n            <div class=\"mc-field-group\"><label for=\"mce-EMAIL\">Direcci\u00f3n de correo electr\u00f3nico <span class=\"asterisk\">*<\/span><\/label><input type=\"email\" name=\"EMAIL\" class=\"required email\" id=\"mce-EMAIL\" required=\"\" value=\"\"><\/div><div class=\"mc-field-group\"><label for=\"mce-FNAME\">Nombre <span class=\"asterisk\">*<\/span><\/label><input type=\"text\" name=\"FNAME\" class=\"required text\" id=\"mce-FNAME\" required=\"\" value=\"\"><\/div><div class=\"mc-field-group\"><label for=\"mce-LNAME\">Apellidos <span class=\"asterisk\">*<\/span><\/label><input type=\"text\" name=\"LNAME\" class=\"required text\" id=\"mce-LNAME\" required=\"\" value=\"\"><\/div><div class=\"mc-field-group\"><label for=\"mce-PHONE\">N\u00famero de tel\u00e9fono <span class=\"asterisk\">*<\/span><\/label><input type=\"text\" name=\"PHONE\" class=\"REQ_CSS\" id=\"mce-PHONE\" value=\"\"><span id=\"mce-PHONE-HELPERTEXT\" class=\"helper_text\">Recuerda poner el c\u00f3digo internacional Ej. (+1 408 XXX XXXX)<\/span><\/div>\n<div hidden=\"\"><input type=\"hidden\" name=\"tags\" value=\"2972518\"><\/div>\n        <div id=\"mce-responses\" class=\"clear\">\n            <div class=\"response\" id=\"mce-error-response\" style=\"display: none;\"><\/div>\n            <div class=\"response\" id=\"mce-success-response\" style=\"display: none;\"><\/div>\n        <\/div><div aria-hidden=\"true\" style=\"position: absolute; left: -5000px;\"><input type=\"text\" name=\"b_bccf1d6cf36f248272b7c374d_03ea88adb9\" tabindex=\"-1\" value=\"\"><\/div><div class=\"clear\"><input type=\"submit\" name=\"subscribe\" id=\"mc-embedded-subscribe\" class=\"button\" value=\"Subscribe\"><\/div>\n    <\/div>\n<\/form>\n<\/div>\n<\/div>\n\n\n\n<div class=\"wp-block-ainoblocks-divider is-style-default pt__1 pb__1\"><span class=\"wp-block-ainoblocks-divider__inner\"><svg xmlns=\"http:\/\/www.w3.org\/2000\/svg\" viewBox=\"0 0 48 48\" class=\"__icon\"><path d=\"M25.586 6.586l17.414 17.414-17.414 17.414-2.828-2.828 12.585-12.586-30.342 0v-4l30.342-0-12.585-12.586z\"><\/path><\/svg><\/span><\/div>\n\n\n<style>\n.floatWapp {\n    position: fixed;\n    width: 60px;\n    height: 60px;\n    bottom: 20px;\n    right: 20px;\n    background-color: #25d366;\n    border-radius: 50px;\n    text-align: center;\n    font-size: 0; \/* Oculta el texto dentro del bot\u00f3n *\/\n    box-shadow: rgba(0, 0, 0, 0.4) 0px 3px 8px;\n    z-index: 100;\n  }\n\n.floatmail {\n    position: fixed;\n    width: 60px;\n    height: 60px;\n    bottom: 100px;\n    right: 20px;\n    background-color: #25d366;\n    border-radius: 50px;\n    text-align: center;\n    font-size: 0; \/* Oculta el texto dentro del bot\u00f3n *\/\n    box-shadow: rgba(0, 0, 0, 0.4) 0px 3px 8px;\n    z-index: 100;\n  }\n\n  .my-floatWapp img {\n    width: 100%;\n    height: auto;\n    border-radius: 50%;\n  }\n.my-floatmail img{\n   width: 100%;\n    height: auto;\n    border-radius: 50%;\n}\n<\/style>\n\n\n<a href=\"https:\/\/api.whatsapp.com\/send?phone=+393342263477&#038;text=Gracias%20por%20contactar%20a%20Los8Sentidos,%20com%C3%A9ntanos%20tu%20duda%20y%20con%20gusto%20te%20responderemos.\" class=\"floatWapp\" target=\"_blank\" rel=\"noopener\">\n  <div class=\"my-floatWapp\">\n    <img data-recalc-dims=\"1\" decoding=\"async\" src=\"https:\/\/i0.wp.com\/los8sentidos.com\/wp-content\/uploads\/2024\/01\/iconfinder-whatsapp-4661617_122497.png?ssl=1\" alt=\"WhatsApp Icon\">\n  <\/div>\n<\/a>\n\n<a href=\"mailto:losochosentidos@gmail.com\" class=\"floatmail\" target=\"_blank\" rel=\"noopener\">\n  <div class=\"my-floatmail up\">\n    <img data-recalc-dims=\"1\" decoding=\"async\" src=\"https:\/\/i0.wp.com\/los8sentidos.com\/wp-content\/uploads\/2024\/01\/email-round-solid-icon-1.png?ssl=1\" alt=\"WhatsApp Icon\">\n  <\/div>\n<\/a>","protected":false},"excerpt":{"rendered":"<p>Antes de comprar tu Plan Standard,&nbsp;te recomendamos encarecidamente que te suscribas a nuestro&nbsp;Newsletter de Los8Sentidos. Al suscribirte, recibir\u00e1s todas las&nbsp;noticias y novedades&nbsp;relacionadas con el programa, as\u00ed como&nbsp;informaci\u00f3n crucial&nbsp;que te ayudar\u00e1 [&hellip;]<\/p>\n","protected":false},"author":1,"featured_media":0,"parent":0,"menu_order":0,"comment_status":"closed","ping_status":"closed","template":"","meta":{"_price":"","_stock":"","_tribe_ticket_header":"","_tribe_default_ticket_provider":"","_tribe_ticket_capacity":"0","_ticket_start_date":"","_ticket_end_date":"","_tribe_ticket_show_description":"","_tribe_ticket_show_not_going":false,"_tribe_ticket_use_global_stock":"","_tribe_ticket_global_stock_level":"","_global_stock_mode":"","_global_stock_cap":"","_tribe_rsvp_for_event":"","_tribe_ticket_going_count":"","_tribe_ticket_not_going_count":"","_tribe_tickets_list":"[]","_tribe_ticket_has_attendee_info_fields":false,"_EventAllDay":false,"_EventTimezone":"","_EventStartDate":"","_EventEndDate":"","_EventStartDateUTC":"","_EventEndDateUTC":"","_EventShowMap":false,"_EventShowMapLink":false,"_EventURL":"","_EventCost":"","_EventCostDescription":"","_EventCurrencySymbol":"","_EventCurrencyCode":"","_EventCurrencyPosition":"","_EventDateTimeSeparator":"","_EventTimeRangeSeparator":"","_EventOrganizerID":[],"_EventVenueID":[],"_OrganizerEmail":"","_OrganizerPhone":"","_OrganizerWebsite":"","_VenueAddress":"","_VenueCity":"","_VenueCountry":"","_VenueProvince":"","_VenueState":"","_VenueZip":"","_VenuePhone":"","_VenueURL":"","_VenueStateProvince":"","_VenueLat":"","_VenueLng":"","_VenueShowMap":false,"_VenueShowMapLink":false,"footnotes":"","_tec_slr_enabled":"","_tec_slr_layout":""},"class_list":["post-1880","page","type-page","status-publish","hentry"],"jetpack-related-posts":[],"jetpack_sharing_enabled":true,"ticketed":false,"_links":{"self":[{"href":"https:\/\/los8sentidos.com\/index.php\/wp-json\/wp\/v2\/pages\/1880","targetHints":{"allow":["GET"]}}],"collection":[{"href":"https:\/\/los8sentidos.com\/index.php\/wp-json\/wp\/v2\/pages"}],"about":[{"href":"https:\/\/los8sentidos.com\/index.php\/wp-json\/wp\/v2\/types\/page"}],"author":[{"embeddable":true,"href":"https:\/\/los8sentidos.com\/index.php\/wp-json\/wp\/v2\/users\/1"}],"replies":[{"embeddable":true,"href":"https:\/\/los8sentidos.com\/index.php\/wp-json\/wp\/v2\/comments?post=1880"}],"version-history":[{"count":21,"href":"https:\/\/los8sentidos.com\/index.php\/wp-json\/wp\/v2\/pages\/1880\/revisions"}],"predecessor-version":[{"id":2021,"href":"https:\/\/los8sentidos.com\/index.php\/wp-json\/wp\/v2\/pages\/1880\/revisions\/2021"}],"wp:attachment":[{"href":"https:\/\/los8sentidos.com\/index.php\/wp-json\/wp\/v2\/media?parent=1880"}],"curies":[{"name":"wp","href":"https:\/\/api.w.org\/{rel}","templated":true}]}}