{"id":1276,"date":"2023-12-26T15:59:10","date_gmt":"2023-12-26T14:59:10","guid":{"rendered":"https:\/\/los8sentidos.com\/?page_id=1276"},"modified":"2024-05-09T04:34:36","modified_gmt":"2024-05-09T02:34:36","slug":"agenda-tu-cita","status":"publish","type":"page","link":"https:\/\/los8sentidos.com\/index.php\/agenda-tu-cita\/","title":{"rendered":"Agenda Tu Cita"},"content":{"rendered":"\n<h4 class=\"wp-block-heading\"><strong>Empieza tu aventura para descubrir Los8Sentidos&#8230;<\/strong><\/h4>\n\n\n\n<hr class=\"wp-block-separator has-alpha-channel-opacity\"\/>\n\n\n\n<h4 class=\"wp-block-heading has-text-align-center pb__1\"><strong>Eleva tu \u00e9xito gastron\u00f3mico con nuestro exclusivo Plan Premium<\/strong><\/h4>\n\n\n\n<h5 class=\"wp-block-heading has-text-align-center pb__1\"><strong>\u00a1S\u00f3lo 8 Personas ser\u00e1n seleccionadas por trimestre!<\/strong><br>\u00bfSer\u00e1s t\u00fa uno de ellos?<\/h5>\n\n\n\n<p>Estamos encantados de que est\u00e9s considerando unirte a nuestra <strong>exclusiva comunidad de profesionales<\/strong> apasionados por la gastronom\u00eda. Nuestro <strong>Plan Premium<\/strong> es una oportunidad \u00fanica dise\u00f1ada para tan solo <strong>8 individuos excepcionales<\/strong> que deseen llevar sus <strong>habilidades culinarias y carrera al siguiente nivel. <\/strong><\/p>\n\n\n\n<p>Al unirte a nosotros, no s\u00f3lo obtendr\u00e1s acceso a <strong>contenido exclusivo, sesiones personalizadas y recursos de vanguardia, <\/strong>sino que tambi\u00e9n formar\u00e1s parte de una <strong>red selecta de mentes creativas y talentosas<\/strong> en el mundo de la gastronom\u00eda. <\/p>\n\n\n\n<p>Imagina <strong>perfeccionar tus habilidades<\/strong> junto a un grupo de apasionados colegas, <strong>recibir orientaci\u00f3n directa de expertos<\/strong> de renombre y <strong>destacarte en la escena gastron\u00f3mica. <\/strong><\/p>\n\n\n\n<h4 class=\"wp-block-heading\">\u00a1Esta es tu oportunidad de brillar! <\/h4>\n\n\n\n<hr class=\"wp-block-separator has-alpha-channel-opacity\"\/>\n\n\n\n<p>La membres\u00eda es <strong>limitada a s\u00f3lo 8 personas<\/strong> para garantizar una experiencia <strong>personalizada e inigualable. <\/strong><\/p>\n\n\n\n<h5 class=\"wp-block-heading\">\u00a1No dejes pasar esta oportunidad de transformar tu carrera y ser parte de los elegidos en Los8Sentidos!<\/h5>\n\n\n\n<hr class=\"wp-block-separator has-alpha-channel-opacity\"\/>\n\n\n\n<h5 class=\"wp-block-heading has-text-align-center\" style=\"margin-bottom:var(--wp--preset--spacing--60)\">\u00a1Inscr\u00edbete ahora y prep\u00e1rate para desatar tu m\u00e1ximo potencial culinario!<\/h5>\n\n\n\n<div class=\"wp-block-buttons is-content-justification-center is-layout-flex wp-container-core-buttons-is-layout-a89b3969 wp-block-buttons-is-layout-flex\">\n<div class=\"wp-block-button\"><a class=\"wp-block-button__link wp-element-button\" href=\"https:\/\/api.whatsapp.com\/send?phone=+393342263477&amp;text=Gracias%20por%20contactar%20a%20Los8Sentidos,%20com%C3%A9ntanos%20tu%20duda%20y%20con%20gusto%20te%20responderemos.\">Re\u00fanete ahora con Sumito<\/a><\/div>\n<\/div>\n\n\n\n<p class=\"has-text-align-center\">Puedes contactarnos en <strong>WhatsApp o a nuestro Correo<\/strong> en los botones <strong>abajo a la izquierda<\/strong> y con gusto <strong>agendaremos tu cita con Sumito.<\/strong><\/p>\n\n\n<style>\n.floatWapp {\n    position: fixed;\n    width: 60px;\n    height: 60px;\n    bottom: 20px;\n    right: 20px;\n    background-color: #25d366;\n    border-radius: 50px;\n    text-align: center;\n    font-size: 0; \/* Oculta el texto dentro del bot\u00f3n *\/\n    box-shadow: rgba(0, 0, 0, 0.4) 0px 3px 8px;\n    z-index: 100;\n  }\n\n.floatmail {\n    position: fixed;\n    width: 60px;\n    height: 60px;\n    bottom: 100px;\n    right: 20px;\n    background-color: #25d366;\n    border-radius: 50px;\n    text-align: center;\n    font-size: 0; \/* Oculta el texto dentro del bot\u00f3n *\/\n    box-shadow: rgba(0, 0, 0, 0.4) 0px 3px 8px;\n    z-index: 100;\n  }\n\n  .my-floatWapp img {\n    width: 100%;\n    height: auto;\n    border-radius: 50%;\n  }\n.my-floatmail img{\n   width: 100%;\n    height: auto;\n    border-radius: 50%;\n}\n<\/style>\n\n\n<a href=\"https:\/\/api.whatsapp.com\/send?phone=+393342263477&#038;text=Gracias%20por%20contactar%20a%20Los8Sentidos,%20com%C3%A9ntanos%20tu%20duda%20y%20con%20gusto%20te%20responderemos.\" class=\"floatWapp\" target=\"_blank\" rel=\"noopener\">\n  <div class=\"my-floatWapp\">\n    <img data-recalc-dims=\"1\" decoding=\"async\" src=\"https:\/\/i0.wp.com\/los8sentidos.com\/wp-content\/uploads\/2024\/01\/iconfinder-whatsapp-4661617_122497.png?ssl=1\" alt=\"WhatsApp Icon\">\n  <\/div>\n<\/a>\n\n<a href=\"mailto:losochosentidos@gmail.com\" class=\"floatmail\" target=\"_blank\" rel=\"noopener\">\n  <div class=\"my-floatmail up\">\n    <img data-recalc-dims=\"1\" decoding=\"async\" src=\"https:\/\/i0.wp.com\/los8sentidos.com\/wp-content\/uploads\/2024\/01\/email-round-solid-icon-1.png?ssl=1\" alt=\"WhatsApp Icon\">\n  <\/div>\n<\/a>\n\n\n<h3 class=\"wp-block-heading\" style=\"margin-top:var(--wp--preset--spacing--50);margin-bottom:0\"><\/h3>\n\n\n\n<p><\/p>\n\n\n\n<p><\/p>\n","protected":false},"excerpt":{"rendered":"<p>Empieza tu aventura para descubrir Los8Sentidos&#8230; Eleva tu \u00e9xito gastron\u00f3mico con nuestro exclusivo Plan Premium \u00a1S\u00f3lo 8 Personas ser\u00e1n seleccionadas por trimestre!\u00bfSer\u00e1s t\u00fa uno de ellos? Estamos encantados de que [&hellip;]<\/p>\n","protected":false},"author":1,"featured_media":0,"parent":0,"menu_order":0,"comment_status":"closed","ping_status":"closed","template":"","meta":{"_price":"","_stock":"","_tribe_ticket_header":"","_tribe_default_ticket_provider":"","_tribe_ticket_capacity":"0","_ticket_start_date":"","_ticket_end_date":"","_tribe_ticket_show_description":"","_tribe_ticket_show_not_going":false,"_tribe_ticket_use_global_stock":"","_tribe_ticket_global_stock_level":"","_global_stock_mode":"","_global_stock_cap":"","_tribe_rsvp_for_event":"","_tribe_ticket_going_count":"","_tribe_ticket_not_going_count":"","_tribe_tickets_list":"[]","_tribe_ticket_has_attendee_info_fields":false,"_EventAllDay":false,"_EventTimezone":"","_EventStartDate":"","_EventEndDate":"","_EventStartDateUTC":"","_EventEndDateUTC":"","_EventShowMap":false,"_EventShowMapLink":false,"_EventURL":"","_EventCost":"","_EventCostDescription":"","_EventCurrencySymbol":"","_EventCurrencyCode":"","_EventCurrencyPosition":"","_EventDateTimeSeparator":"","_EventTimeRangeSeparator":"","_EventOrganizerID":[],"_EventVenueID":[],"_OrganizerEmail":"","_OrganizerPhone":"","_OrganizerWebsite":"","_VenueAddress":"","_VenueCity":"","_VenueCountry":"","_VenueProvince":"","_VenueState":"","_VenueZip":"","_VenuePhone":"","_VenueURL":"","_VenueStateProvince":"","_VenueLat":"","_VenueLng":"","_VenueShowMap":false,"_VenueShowMapLink":false,"footnotes":"","_tec_slr_enabled":"","_tec_slr_layout":""},"class_list":["post-1276","page","type-page","status-publish","hentry"],"jetpack-related-posts":[],"jetpack_sharing_enabled":true,"ticketed":false,"_links":{"self":[{"href":"https:\/\/los8sentidos.com\/index.php\/wp-json\/wp\/v2\/pages\/1276","targetHints":{"allow":["GET"]}}],"collection":[{"href":"https:\/\/los8sentidos.com\/index.php\/wp-json\/wp\/v2\/pages"}],"about":[{"href":"https:\/\/los8sentidos.com\/index.php\/wp-json\/wp\/v2\/types\/page"}],"author":[{"embeddable":true,"href":"https:\/\/los8sentidos.com\/index.php\/wp-json\/wp\/v2\/users\/1"}],"replies":[{"embeddable":true,"href":"https:\/\/los8sentidos.com\/index.php\/wp-json\/wp\/v2\/comments?post=1276"}],"version-history":[{"count":101,"href":"https:\/\/los8sentidos.com\/index.php\/wp-json\/wp\/v2\/pages\/1276\/revisions"}],"predecessor-version":[{"id":2327,"href":"https:\/\/los8sentidos.com\/index.php\/wp-json\/wp\/v2\/pages\/1276\/revisions\/2327"}],"wp:attachment":[{"href":"https:\/\/los8sentidos.com\/index.php\/wp-json\/wp\/v2\/media?parent=1276"}],"curies":[{"name":"wp","href":"https:\/\/api.w.org\/{rel}","templated":true}]}}